{"id":961,"date":"2025-02-01T23:41:52","date_gmt":"2025-02-01T22:41:52","guid":{"rendered":"https:\/\/www.vital-und-gesund-shop.de\/?post_type=product&#038;p=961"},"modified":"2025-06-10T23:05:47","modified_gmt":"2025-06-10T21:05:47","slug":"fontana-buche","status":"publish","type":"product","link":"https:\/\/www.vital-und-gesund-shop.de\/?product=fontana-buche","title":{"rendered":"Fontana 2-Wege BR Buche"},"content":{"rendered":"<p><span style=\"font-family: Calibri, sans-serif;\"><span style=\"font-size: small;\">Bei dem 2-Wege-System <\/span><\/span><span style=\"font-family: Calibri, sans-serif;\"><span style=\"font-size: small;\"><b>FONTANA<\/b><\/span><\/span><span style=\"font-family: Calibri, sans-serif;\"><span style=\"font-size: small;\"> handelt es sich um einen optisch sehr ansprechenden 360\u00b0-Rundstrahler. Die Chassis sind nach oben abstrahlend angeordnet und durch zwei speziell geformte Kegel wird die Schallenergie gleichm\u00e4\u00dfig in den Raum reflektiert. Dadurch stellt sich ein ringsum gleichm\u00e4\u00dfiger Frequenzgang ein, der dem nat\u00fcrlichen Geh\u00f6rempfinden im Raum entspricht. Die Anlage \u00fcberzeugt durch eine ausgespochen klare und detailtreue Wiedergabe in einem sehr weitem Dynamik- und Frequenzbereich, so da\u00df man in bekannten Aufnahmen bisher ungeh\u00f6rte Details entdecken und einen ganz neuen, dem Original sehr nahe kommenden, Gesamteindruck bis zur H\u00f6rgrenze erleben kann. Hohe Frequenzen werden klar und transparent, tiefe Frequenzen pr\u00e4zise und druckvoll wiedergegeben.<\/span><\/span><\/p>\n<p><span style=\"font-family: Calibri, sans-serif;\"><span style=\"font-size: small;\">Das Rundstrahler k\u00f6nnen zu beiden Seiten des H\u00f6rplatzes oder wie herk\u00f6mmliche Stereo-Boxen aufgestellt werden, aber auch in Mehrkanalsystemen Verwendung finden. Es entsteht ein Klangbild mit einer verbl\u00fcffenden R\u00e4umlichkeit, das an jeder Stelle des Raumes wahrgenommen werden kann. Phantomschallquellen, wie z. B. zwischen den Boxen wahrgenommene Stimmen oder Instrumente, k\u00f6nnen sitzplatzunabh\u00e4ngig klar und deutlich geortet werden, was dem Zuh\u00f6rer eine noch nie gekannte Bewegungsfreiheit im gesamten H\u00f6rraum erlaubt und das selbst bei akustisch kritischen Aufstellungsbedingungen. Bei Dolby\u00ae-Surround- und Mehrkanalsystemen entstehen einzigartige Diffusschallfelder f\u00fcr die Effektkan\u00e4le. Als Effektkan\u00e4le-Boxen k\u00f6nnen auch die kleineren Fontanella-Satelliten zum Einsatz kommen. <\/span><\/span><\/p>\n<p><span style=\"font-size: small;\"><i><b><span style=\"font-family: Calibri, sans-serif;\">Die <\/span><\/b><\/i><span style=\"font-family: Calibri, sans-serif;\"><b>FONTANA<\/b><\/span><b><i><span style=\"font-family: Calibri, sans-serif;\"> ist eine Fullrange-Raumklang-Anlage f\u00fcr therapeutische Zwecke und hochwertige Wiedergabe von Filmen oder Musik. Sie garantiert bei HiFi-Stereo- wie auch bei Mehrkanal-Wiedergabe einen einzigartigen, naturnahen r\u00e4umlichen H\u00f6rgenuss h\u00f6chster Klangqualit\u00e4t.<\/span><\/i><\/b><\/span><\/p>\n<p><span id=\"Rahmen3\" dir=\"LTR\"><\/span><span style=\"font-family: Calibri, sans-serif;\"><span style=\"font-size: small;\">Die kompromi\u00dflose Verwendung von High-End-Komponenten wie auch allerh\u00f6chste Anspr\u00fcche an den Geh\u00e4use-Aufbau und die Herstellung sorgen f\u00fcr ein hochgradig ausgewogenes und neutrales Klangergebnis. Um das beste Ergebnis zu erzielen, kann das System noch durch die Downfire-Ba\u00dfreflexbox <b>FONTANELLA SUB<\/b> erg\u00e4nzt werden. Damit werden Frequenzen im tiefsten Ba\u00dfkeller f\u00fchlbar und absolut sauber mit einer unglaublichen Dynamik abgebildet. F\u00fcr eine bestm\u00f6gliche Entkopplung vom Aufstellort stehen die Boxen auf h\u00f6henverstellbaren Spikes.<\/span><\/span><\/p>\n<p><span style=\"font-family: Calibri, sans-serif;\"><span style=\"font-size: small;\">Die Rundstrahler erzeugen schon bei vergleichsweise geringer Verst\u00e4rkerleistung eine hohe Lautst\u00e4rke und sind damit durchaus auch f\u00fcr gro\u00dfe R\u00e4ume geeignet. Sie bieten schon bei geringen wie auch gro\u00dfen Lautst\u00e4rken vorz\u00fcglichen H\u00f6rgenu\u00df.<\/span><\/span><\/p>\n<p><span style=\"font-family: Calibri, sans-serif;\"><span style=\"font-size: small;\">Eine individuelle Ausf\u00fchrung in anderem Furnier oder Farbe (matt oder gl\u00e4nzend) ist gegen Aufpreis m\u00f6glich. <\/span><\/span><\/p>\n<p><span style=\"font-family: Calibri, sans-serif;\"><span style=\"font-size: small;\">Nenn- \/ Musikbelastbarkeit 70 W \/ 100 W<br \/>\n<\/span><\/span><span style=\"font-family: Calibri, sans-serif;\"><span style=\"font-size: small;\">\u00dcbertragungsbereich 40 &#8211; 20000 Hz<\/span><\/span><\/p>\n<p><span style=\"font-family: Calibri, sans-serif;\"><span style=\"font-size: small;\">Au\u00dfenma\u00df H \/ B \/ T (mm) 1020 \/ 239 \/ 239<br \/>\n<\/span><\/span><span style=\"font-family: Calibri, sans-serif;\"><span style=\"font-size: small;\">F\u00fc\u00dfe (Absorber) hochwertige Spikes<\/span><\/span><\/p>\n","protected":false},"excerpt":{"rendered":"<p>Raumklang in erstklassiger Qualit\u00e4t!<br \/>\nPurer, naturgetreuer Klang durch holographische Abbildung im gesamten H\u00f6rraum &#8211; FONTANA 2-Wege-Ba\u00dfreflex macht es m\u00f6glich! Musikgenu\u00df neu definiert!<\/p>\n<p>Auf Anfrage ist eine anderes Furniers\u00a0 oder eine Lackierung in Wunschfarbe (RAL, z.B. wei\u00df oder schwarz) m\u00f6glich!<\/p>\n","protected":false},"featured_media":960,"comment_status":"open","ping_status":"closed","template":"","meta":[],"product_cat":[62],"product_tag":[],"class_list":{"0":"post-961","1":"product","2":"type-product","3":"status-publish","4":"has-post-thumbnail","6":"product_cat-natural-sound-system","8":"first","9":"instock","10":"taxable","11":"shipping-taxable","12":"purchasable","13":"product-type-simple"},"_links":{"self":[{"href":"https:\/\/www.vital-und-gesund-shop.de\/index.php?rest_route=\/wp\/v2\/product\/961","targetHints":{"allow":["GET"]}}],"collection":[{"href":"https:\/\/www.vital-und-gesund-shop.de\/index.php?rest_route=\/wp\/v2\/product"}],"about":[{"href":"https:\/\/www.vital-und-gesund-shop.de\/index.php?rest_route=\/wp\/v2\/types\/product"}],"replies":[{"embeddable":true,"href":"https:\/\/www.vital-und-gesund-shop.de\/index.php?rest_route=%2Fwp%2Fv2%2Fcomments&post=961"}],"wp:featuredmedia":[{"embeddable":true,"href":"https:\/\/www.vital-und-gesund-shop.de\/index.php?rest_route=\/wp\/v2\/media\/960"}],"wp:attachment":[{"href":"https:\/\/www.vital-und-gesund-shop.de\/index.php?rest_route=%2Fwp%2Fv2%2Fmedia&parent=961"}],"wp:term":[{"taxonomy":"product_cat","embeddable":true,"href":"https:\/\/www.vital-und-gesund-shop.de\/index.php?rest_route=%2Fwp%2Fv2%2Fproduct_cat&post=961"},{"taxonomy":"product_tag","embeddable":true,"href":"https:\/\/www.vital-und-gesund-shop.de\/index.php?rest_route=%2Fwp%2Fv2%2Fproduct_tag&post=961"}],"curies":[{"name":"wp","href":"https:\/\/api.w.org\/{rel}","templated":true}]}}